{"id":27866,"date":"2021-08-06T14:18:18","date_gmt":"2021-08-06T12:18:18","guid":{"rendered":"https:\/\/www.neolifesalud.com\/neolife-es-ciencia\/"},"modified":"2021-08-06T14:18:18","modified_gmt":"2021-08-06T12:18:18","slug":"neolife-es-ciencia","status":"publish","type":"page","link":"https:\/\/www.neolifesalud.com\/ca\/neolife-es-ciencia\/","title":{"rendered":"Neolife es ciencia"},"content":{"rendered":"<h1>LAS CLAVES DE NEOLIFE<\/h1>\n<figure><img fetchpriority=\"high\" decoding=\"async\" src=\"https:\/\/www.neolifesalud.com\/wp-content\/uploads\/claves_01-1.svg\" alt=\"\" width=\"800\" height=\"800\" \/><\/figure>\n<p>PIONEROS CON\u00a0AMPLIA<br \/>\nEXPERIENCIA<\/p>\n<p>\u00danica cl\u00ednica en Espa\u00f1a que ofrece un servicio de prevenci\u00f3n de salud de forma integral. M\u00e1s de 8 a\u00f1os aplicando la medicina Preventiva Antiaging tras inaugurar su primera cl\u00ednica en 2013.<\/p>\n<p>&nbsp;<\/p>\n<style type=\"text\/css\">\n\t.st0{fill:#C4CEDC;}<br \/>\n<\/style>\n<p>&nbsp;<\/p>\n<figure><img decoding=\"async\" title=\"claves_03\" src=\"https:\/\/www.neolifesalud.com\/wp-content\/uploads\/claves_03-1.svg\" alt=\"claves_03\" \/><\/figure>\n<p>INFORMACI\u00d3N CONTINUA A<br \/>\nNUESTROS CLIENTES<\/p>\n<p>Publicamos de forma mensual art\u00edculos m\u00e9dicos y nutricionales de divulgaci\u00f3n para mantener informado a nuestros clientes. Fomentamos la proactividad de nuestros clientes en la toma de decisiones acerca de su salud.<\/p>\n<figure><img decoding=\"async\" title=\"claves_02\" src=\"https:\/\/www.neolifesalud.com\/wp-content\/uploads\/claves_02-1.svg\" alt=\"claves_02\" \/><\/figure>\n<p>CAR\u00c1CTER INNOVADOR Y CIENT\u00cdFICO<\/p>\n<p>Siempre atentos a los \u00faltimos avances tecnol\u00f3gicos, cient\u00edficos y m\u00e9dicos.<\/p>\n<p>Nuestro equipo se forma en Age Management Medicine en EE. UU.<\/p>\n<figure><img decoding=\"async\" title=\"claves_04\" src=\"https:\/\/www.neolifesalud.com\/wp-content\/uploads\/claves_04-1.svg\" alt=\"claves_04\" \/><\/figure>\n<p>FOCO EN LA OBTENCI\u00d3N DE RESULTADOS<\/p>\n<p>Mejora continua de la salud, para lo cual: se mide, se act\u00faa y se vuelve a medir. Siempre son objetivos a corto, medio y largo plazo.<\/p>\n<p>&nbsp;<\/p>\n<style type=\"text\/css\">\n\t.st0{fill:#C4CEDC;}<br \/>\n<\/style>\n<p>&nbsp;<\/p>\n<figure><img decoding=\"async\" title=\"claves_05\" src=\"https:\/\/www.neolifesalud.com\/wp-content\/uploads\/claves_05-1.svg\" alt=\"claves_05\" \/><\/figure>\n<p>EXPERIENCIA DEL<br \/>\nCLIENTE<\/p>\n<p>Una de nuestras claves, la excelencia en el servicio: realizamos las anal\u00edticas en el domicilio\/trabajo del cliente, videoconsultas m\u00e9dicas o nutricionales, env\u00edo de suplementaci\u00f3n a domicilio \u2026<\/p>\n","protected":false},"excerpt":{"rendered":"<p>LAS CLAVES DE NEOLIFE PIONEROS CON\u00a0AMPLIA EXPERIENCIA \u00danica cl\u00ednica en Espa\u00f1a que ofrece un servicio de prevenci\u00f3n de salud de forma integral. M\u00e1s de 8 a\u00f1os aplicando la medicina Preventiva Antiaging tras inaugurar su primera cl\u00ednica en 2013. &nbsp; &nbsp; INFORMACI\u00d3N CONTINUA A NUESTROS CLIENTES Publicamos de forma mensual art\u00edculos m\u00e9dicos y nutricionales de divulgaci\u00f3n [&hellip;]<\/p>\n","protected":false},"author":28,"featured_media":0,"parent":0,"menu_order":1,"comment_status":"closed","ping_status":"closed","template":"elementor_header_footer","meta":{"_acf_changed":false,"inline_featured_image":false,"footnotes":""},"class_list":["post-27866","page","type-page","status-publish","hentry"],"acf":[],"yoast_head":"<!-- This site is optimized with the Yoast SEO plugin v26.5 - https:\/\/yoast.com\/wordpress\/plugins\/seo\/ -->\n<title>Neolife es ciencia - Neolife<\/title>\n<meta name=\"robots\" content=\"index, follow, max-snippet:-1, max-image-preview:large, max-video-preview:-1\" \/>\n<link rel=\"canonical\" href=\"https:\/\/www.neolifesalud.com\/ca\/neolife-es-ciencia\/\" \/>\n<meta property=\"og:locale\" content=\"ca_ES\" \/>\n<meta property=\"og:type\" content=\"article\" \/>\n<meta property=\"og:title\" content=\"Neolife es ciencia - Neolife\" \/>\n<meta property=\"og:description\" content=\"LAS CLAVES DE NEOLIFE PIONEROS CON\u00a0AMPLIA EXPERIENCIA \u00danica cl\u00ednica en Espa\u00f1a que ofrece un servicio de prevenci\u00f3n de salud de forma integral. M\u00e1s de 8 a\u00f1os aplicando la medicina Preventiva Antiaging tras inaugurar su primera cl\u00ednica en 2013. &nbsp; &nbsp; INFORMACI\u00d3N CONTINUA A NUESTROS CLIENTES Publicamos de forma mensual art\u00edculos m\u00e9dicos y nutricionales de divulgaci\u00f3n [&hellip;]\" \/>\n<meta property=\"og:url\" content=\"https:\/\/www.neolifesalud.com\/ca\/neolife-es-ciencia\/\" \/>\n<meta property=\"og:site_name\" content=\"Neolife\" \/>\n<meta property=\"og:image\" content=\"https:\/\/www.neolifesalud.com\/wp-content\/uploads\/claves_01-1.svg\" \/>\n<meta name=\"twitter:card\" content=\"summary_large_image\" \/>\n<meta name=\"twitter:label1\" content=\"Temps estimat de lectura\" \/>\n\t<meta name=\"twitter:data1\" content=\"1 minut\" \/>\n<script type=\"application\/ld+json\" class=\"yoast-schema-graph\">{\"@context\":\"https:\/\/schema.org\",\"@graph\":[{\"@type\":\"WebPage\",\"@id\":\"https:\/\/www.neolifesalud.com\/ca\/neolife-es-ciencia\/\",\"url\":\"https:\/\/www.neolifesalud.com\/ca\/neolife-es-ciencia\/\",\"name\":\"Neolife es ciencia - Neolife\",\"isPartOf\":{\"@id\":\"https:\/\/www.neolifesalud.com\/ca\/#website\"},\"primaryImageOfPage\":{\"@id\":\"https:\/\/www.neolifesalud.com\/ca\/neolife-es-ciencia\/#primaryimage\"},\"image\":{\"@id\":\"https:\/\/www.neolifesalud.com\/ca\/neolife-es-ciencia\/#primaryimage\"},\"thumbnailUrl\":\"https:\/\/www.neolifesalud.com\/wp-content\/uploads\/claves_01-1.svg\",\"datePublished\":\"2021-08-06T12:18:18+00:00\",\"breadcrumb\":{\"@id\":\"https:\/\/www.neolifesalud.com\/ca\/neolife-es-ciencia\/#breadcrumb\"},\"inLanguage\":\"ca\",\"potentialAction\":[{\"@type\":\"ReadAction\",\"target\":[\"https:\/\/www.neolifesalud.com\/ca\/neolife-es-ciencia\/\"]}]},{\"@type\":\"ImageObject\",\"inLanguage\":\"ca\",\"@id\":\"https:\/\/www.neolifesalud.com\/ca\/neolife-es-ciencia\/#primaryimage\",\"url\":\"https:\/\/www.neolifesalud.com\/wp-content\/uploads\/claves_01-1.svg\",\"contentUrl\":\"https:\/\/www.neolifesalud.com\/wp-content\/uploads\/claves_01-1.svg\"},{\"@type\":\"BreadcrumbList\",\"@id\":\"https:\/\/www.neolifesalud.com\/ca\/neolife-es-ciencia\/#breadcrumb\",\"itemListElement\":[{\"@type\":\"ListItem\",\"position\":1,\"name\":\"Neolife\",\"item\":\"https:\/\/www.neolifesalud.com\/ca\/inici\/\"},{\"@type\":\"ListItem\",\"position\":2,\"name\":\"Neolife es ciencia\"}]},{\"@type\":\"WebSite\",\"@id\":\"https:\/\/www.neolifesalud.com\/ca\/#website\",\"url\":\"https:\/\/www.neolifesalud.com\/ca\/\",\"name\":\"Neolife\",\"description\":\"Medicina preventiva antiaging\",\"publisher\":{\"@id\":\"https:\/\/www.neolifesalud.com\/ca\/#organization\"},\"potentialAction\":[{\"@type\":\"SearchAction\",\"target\":{\"@type\":\"EntryPoint\",\"urlTemplate\":\"https:\/\/www.neolifesalud.com\/ca\/?s={search_term_string}\"},\"query-input\":{\"@type\":\"PropertyValueSpecification\",\"valueRequired\":true,\"valueName\":\"search_term_string\"}}],\"inLanguage\":\"ca\"},{\"@type\":\"Organization\",\"@id\":\"https:\/\/www.neolifesalud.com\/ca\/#organization\",\"name\":\"Neolife\",\"url\":\"https:\/\/www.neolifesalud.com\/ca\/\",\"logo\":{\"@type\":\"ImageObject\",\"inLanguage\":\"ca\",\"@id\":\"https:\/\/www.neolifesalud.com\/ca\/#\/schema\/logo\/image\/\",\"url\":\"https:\/\/www.neolifesalud.com\/wp-content\/uploads\/Logo_Neolife_2025-1-scaled.png\",\"contentUrl\":\"https:\/\/www.neolifesalud.com\/wp-content\/uploads\/Logo_Neolife_2025-1-scaled.png\",\"width\":2560,\"height\":855,\"caption\":\"Neolife\"},\"image\":{\"@id\":\"https:\/\/www.neolifesalud.com\/ca\/#\/schema\/logo\/image\/\"}}]}<\/script>\n<!-- \/ Yoast SEO plugin. -->","yoast_head_json":{"title":"Neolife es ciencia - Neolife","robots":{"index":"index","follow":"follow","max-snippet":"max-snippet:-1","max-image-preview":"max-image-preview:large","max-video-preview":"max-video-preview:-1"},"canonical":"https:\/\/www.neolifesalud.com\/ca\/neolife-es-ciencia\/","og_locale":"ca_ES","og_type":"article","og_title":"Neolife es ciencia - Neolife","og_description":"LAS CLAVES DE NEOLIFE PIONEROS CON\u00a0AMPLIA EXPERIENCIA \u00danica cl\u00ednica en Espa\u00f1a que ofrece un servicio de prevenci\u00f3n de salud de forma integral. M\u00e1s de 8 a\u00f1os aplicando la medicina Preventiva Antiaging tras inaugurar su primera cl\u00ednica en 2013. &nbsp; &nbsp; INFORMACI\u00d3N CONTINUA A NUESTROS CLIENTES Publicamos de forma mensual art\u00edculos m\u00e9dicos y nutricionales de divulgaci\u00f3n [&hellip;]","og_url":"https:\/\/www.neolifesalud.com\/ca\/neolife-es-ciencia\/","og_site_name":"Neolife","og_image":[{"url":"https:\/\/www.neolifesalud.com\/wp-content\/uploads\/claves_01-1.svg","type":"","width":"","height":""}],"twitter_card":"summary_large_image","twitter_misc":{"Temps estimat de lectura":"1 minut"},"schema":{"@context":"https:\/\/schema.org","@graph":[{"@type":"WebPage","@id":"https:\/\/www.neolifesalud.com\/ca\/neolife-es-ciencia\/","url":"https:\/\/www.neolifesalud.com\/ca\/neolife-es-ciencia\/","name":"Neolife es ciencia - Neolife","isPartOf":{"@id":"https:\/\/www.neolifesalud.com\/ca\/#website"},"primaryImageOfPage":{"@id":"https:\/\/www.neolifesalud.com\/ca\/neolife-es-ciencia\/#primaryimage"},"image":{"@id":"https:\/\/www.neolifesalud.com\/ca\/neolife-es-ciencia\/#primaryimage"},"thumbnailUrl":"https:\/\/www.neolifesalud.com\/wp-content\/uploads\/claves_01-1.svg","datePublished":"2021-08-06T12:18:18+00:00","breadcrumb":{"@id":"https:\/\/www.neolifesalud.com\/ca\/neolife-es-ciencia\/#breadcrumb"},"inLanguage":"ca","potentialAction":[{"@type":"ReadAction","target":["https:\/\/www.neolifesalud.com\/ca\/neolife-es-ciencia\/"]}]},{"@type":"ImageObject","inLanguage":"ca","@id":"https:\/\/www.neolifesalud.com\/ca\/neolife-es-ciencia\/#primaryimage","url":"https:\/\/www.neolifesalud.com\/wp-content\/uploads\/claves_01-1.svg","contentUrl":"https:\/\/www.neolifesalud.com\/wp-content\/uploads\/claves_01-1.svg"},{"@type":"BreadcrumbList","@id":"https:\/\/www.neolifesalud.com\/ca\/neolife-es-ciencia\/#breadcrumb","itemListElement":[{"@type":"ListItem","position":1,"name":"Neolife","item":"https:\/\/www.neolifesalud.com\/ca\/inici\/"},{"@type":"ListItem","position":2,"name":"Neolife es ciencia"}]},{"@type":"WebSite","@id":"https:\/\/www.neolifesalud.com\/ca\/#website","url":"https:\/\/www.neolifesalud.com\/ca\/","name":"Neolife","description":"Medicina preventiva antiaging","publisher":{"@id":"https:\/\/www.neolifesalud.com\/ca\/#organization"},"potentialAction":[{"@type":"SearchAction","target":{"@type":"EntryPoint","urlTemplate":"https:\/\/www.neolifesalud.com\/ca\/?s={search_term_string}"},"query-input":{"@type":"PropertyValueSpecification","valueRequired":true,"valueName":"search_term_string"}}],"inLanguage":"ca"},{"@type":"Organization","@id":"https:\/\/www.neolifesalud.com\/ca\/#organization","name":"Neolife","url":"https:\/\/www.neolifesalud.com\/ca\/","logo":{"@type":"ImageObject","inLanguage":"ca","@id":"https:\/\/www.neolifesalud.com\/ca\/#\/schema\/logo\/image\/","url":"https:\/\/www.neolifesalud.com\/wp-content\/uploads\/Logo_Neolife_2025-1-scaled.png","contentUrl":"https:\/\/www.neolifesalud.com\/wp-content\/uploads\/Logo_Neolife_2025-1-scaled.png","width":2560,"height":855,"caption":"Neolife"},"image":{"@id":"https:\/\/www.neolifesalud.com\/ca\/#\/schema\/logo\/image\/"}}]}},"_links":{"self":[{"href":"https:\/\/www.neolifesalud.com\/ca\/wp-json\/wp\/v2\/pages\/27866","targetHints":{"allow":["GET"]}}],"collection":[{"href":"https:\/\/www.neolifesalud.com\/ca\/wp-json\/wp\/v2\/pages"}],"about":[{"href":"https:\/\/www.neolifesalud.com\/ca\/wp-json\/wp\/v2\/types\/page"}],"author":[{"embeddable":true,"href":"https:\/\/www.neolifesalud.com\/ca\/wp-json\/wp\/v2\/users\/28"}],"replies":[{"embeddable":true,"href":"https:\/\/www.neolifesalud.com\/ca\/wp-json\/wp\/v2\/comments?post=27866"}],"version-history":[{"count":0,"href":"https:\/\/www.neolifesalud.com\/ca\/wp-json\/wp\/v2\/pages\/27866\/revisions"}],"wp:attachment":[{"href":"https:\/\/www.neolifesalud.com\/ca\/wp-json\/wp\/v2\/media?parent=27866"}],"curies":[{"name":"wp","href":"https:\/\/api.w.org\/{rel}","templated":true}]}}