{"id":30181,"date":"2026-02-06T12:19:55","date_gmt":"2026-02-06T11:19:55","guid":{"rendered":"https:\/\/www.neolifesalud.com\/dcawregefbgautorizacion-sanitaria-y-unidades-asistenciales\/"},"modified":"2026-02-06T12:19:55","modified_gmt":"2026-02-06T11:19:55","slug":"dcawregefbgautorizacion-sanitaria-y-unidades-asistenciales","status":"publish","type":"page","link":"https:\/\/www.neolifesalud.com\/ca\/dcawregefbgautorizacion-sanitaria-y-unidades-asistenciales\/","title":{"rendered":"DCAWREGEFBGAutorizaci\u00f3n sanitaria y Unidades asistenciales"},"content":{"rendered":"\t\t<div data-elementor-type=\"wp-page\" data-elementor-id=\"30181\" class=\"elementor elementor-30181 elementor-29590\" data-elementor-post-type=\"page\">\n\t\t\t\t\t\t<section class=\"elementor-section elementor-top-section elementor-element elementor-element-18063dc elementor-section-height-min-height elementor-section-boxed elementor-section-height-default elementor-section-items-middle elementor-invisible\" data-id=\"18063dc\" data-element_type=\"section\" data-settings=\"{&quot;background_background&quot;:&quot;classic&quot;,&quot;animation&quot;:&quot;fadeIn&quot;}\">\n\t\t\t\t\t\t<div class=\"elementor-container elementor-column-gap-default\">\n\t\t\t\t\t<div class=\"elementor-column elementor-col-100 elementor-top-column elementor-element elementor-element-ae65f71 elementor-invisible\" data-id=\"ae65f71\" data-element_type=\"column\" data-settings=\"{&quot;animation&quot;:&quot;fadeInUp&quot;}\">\n\t\t\t<div class=\"elementor-widget-wrap elementor-element-populated\">\n\t\t\t\t\t\t<div class=\"elementor-element elementor-element-b5c0346 elementor-widget__width-initial elementor-widget elementor-widget-heading\" data-id=\"b5c0346\" data-element_type=\"widget\" data-widget_type=\"heading.default\">\n\t\t\t\t<div class=\"elementor-widget-container\">\n\t\t\t\t\t<h1 class=\"elementor-heading-title elementor-size-default\"><span class=\"elementor-heading-title elementor-size-default elementor-inline-editing pen\" data-elementor-setting-key=\"title\" data-pen-placeholder=\"Teclea aqu\u00ed...\">AUTORIZACIONES SANITARIAS<\/span><\/h1>\t\t\t\t<\/div>\n\t\t\t\t<\/div>\n\t\t\t\t\t<\/div>\n\t\t<\/div>\n\t\t\t\t\t<\/div>\n\t\t<\/section>\n\t\t\t\t<section class=\"elementor-section elementor-top-section elementor-element elementor-element-6c1e158 elementor-section-full_width elementor-section-height-default elementor-section-height-default\" data-id=\"6c1e158\" data-element_type=\"section\" data-settings=\"{&quot;background_background&quot;:&quot;classic&quot;}\">\n\t\t\t\t\t\t\t<div class=\"elementor-background-overlay\"><\/div>\n\t\t\t\t\t\t\t<div class=\"elementor-container elementor-column-gap-default\">\n\t\t\t\t\t<div class=\"elementor-column elementor-col-100 elementor-top-column elementor-element elementor-element-12835ae\" data-id=\"12835ae\" data-element_type=\"column\" data-settings=\"{&quot;background_background&quot;:&quot;classic&quot;}\">\n\t\t\t<div class=\"elementor-widget-wrap elementor-element-populated\">\n\t\t\t\t\t\t<div class=\"elementor-element elementor-element-f5214a8 elementor-widget elementor-widget-text-editor\" data-id=\"f5214a8\" data-element_type=\"widget\" data-widget_type=\"text-editor.default\">\n\t\t\t\t<div class=\"elementor-widget-container\">\n\t\t\t\t\t\t\t\t\t<p><strong>1. Autorizaciones sanitarias<\/strong><\/p><ul><li>Neolife Madrid: CS17651 <\/li><li>Neolife Marbella: NICA 55474<\/li><\/ul><div> <\/div><p><strong>2. Unidades asistenciales autorizadas<\/strong><\/p><p>Neolife Madrid:<\/p><ul><li><span style=\"background-color: rgba(255, 255, 255, 0);\">U.1 &#8211; Medicina general\/de familia<\/span><\/li><li><span style=\"background-color: rgba(255, 255, 255, 0);\">U.10 &#8211; Endocrinolog\u00eda<\/span><\/li><li><span style=\"background-color: rgba(255, 255, 255, 0);\">U.13 &#8211; Medicina interna<\/span><\/li><li><span style=\"background-color: rgba(255, 255, 255, 0);\">U.48 &#8211; <\/span><span style=\"background-color: rgba(255, 255, 255, 0);\">Medicina est\u00e9tica<\/span><\/li><li><span style=\"background-color: rgba(255, 255, 255, 0);\">U.72 &#8211; Obtenci\u00f3n de muestras<\/span><\/li><li><span style=\"background-color: rgba(255, 255, 255, 0);\">U.84 &#8211; Dep\u00f3sito de medicamentos<\/span><\/li><li><span style=\"background-color: rgba(255, 255, 255, 0);\">U.900 &#8211; Otras unidades asistenciales (Nutrici\u00f3n <\/span><span style=\"background-color: rgba(255, 255, 255, 0);\">y Diet\u00e9tica)<\/span><\/li><\/ul><div> <\/div><p>Neolife Marbella:<\/p><ul><li><span style=\"background-color: rgba(255, 255, 255, 0);\">U.1 &#8211; Medicina general\/de familia<\/span><\/li><li><span style=\"background-color: rgba(255, 255, 255, 0);\">U.2 &#8211; Enfermer\u00eda <\/span><\/li><li><span style=\"background-color: rgba(255, 255, 255, 0);\">U.72 &#8211; Obtenci\u00f3n de muestras<\/span><\/li><li><span style=\"background-color: transparent;\">U.900 &#8211; Otras unidades asistenciales (Nutrici\u00f3n y Diet\u00e9tica)<\/span><\/li><\/ul>\t\t\t\t\t\t\t\t<\/div>\n\t\t\t\t<\/div>\n\t\t\t\t\t<\/div>\n\t\t<\/div>\n\t\t\t\t\t<\/div>\n\t\t<\/section>\n\t\t\t\t<\/div>\n\t\t","protected":false},"excerpt":{"rendered":"<p>AUTORIZACIONES SANITARIAS 1. Autorizaciones sanitarias Neolife Madrid: CS17651 Neolife Marbella: NICA 55474 2. Unidades asistenciales autorizadas Neolife Madrid: U.1 &#8211; Medicina general\/de familia U.10 &#8211; Endocrinolog\u00eda U.13 &#8211; Medicina interna U.48 &#8211; Medicina est\u00e9tica U.72 &#8211; Obtenci\u00f3n de muestras U.84 &#8211; Dep\u00f3sito de medicamentos U.900 &#8211; Otras unidades asistenciales (Nutrici\u00f3n y Diet\u00e9tica) Neolife Marbella: U.1 [&hellip;]<\/p>\n","protected":false},"author":28,"featured_media":0,"parent":0,"menu_order":221,"comment_status":"closed","ping_status":"closed","template":"elementor_header_footer","meta":{"_acf_changed":false,"inline_featured_image":false,"footnotes":""},"class_list":["post-30181","page","type-page","status-publish","hentry"],"acf":[],"yoast_head":"<!-- This site is optimized with the Yoast SEO plugin v26.5 - https:\/\/yoast.com\/wordpress\/plugins\/seo\/ -->\n<title>Neolife - Medicina preventiva antienvelliment<\/title>\n<meta name=\"robots\" content=\"index, follow, max-snippet:-1, max-image-preview:large, max-video-preview:-1\" \/>\n<link rel=\"canonical\" href=\"https:\/\/www.neolifesalud.com\/ca\/dcawregefbgautorizacion-sanitaria-y-unidades-asistenciales\/\" \/>\n<meta property=\"og:locale\" content=\"ca_ES\" \/>\n<meta property=\"og:type\" content=\"article\" \/>\n<meta property=\"og:title\" content=\"Neolife - Medicina preventiva antienvelliment\" \/>\n<meta property=\"og:description\" content=\"AUTORIZACIONES SANITARIAS 1. Autorizaciones sanitarias Neolife Madrid: CS17651 Neolife Marbella: NICA 55474 2. Unidades asistenciales autorizadas Neolife Madrid: U.1 &#8211; Medicina general\/de familia U.10 &#8211; Endocrinolog\u00eda U.13 &#8211; Medicina interna U.48 &#8211; Medicina est\u00e9tica U.72 &#8211; Obtenci\u00f3n de muestras U.84 &#8211; Dep\u00f3sito de medicamentos U.900 &#8211; Otras unidades asistenciales (Nutrici\u00f3n y Diet\u00e9tica) Neolife Marbella: U.1 [&hellip;]\" \/>\n<meta property=\"og:url\" content=\"https:\/\/www.neolifesalud.com\/ca\/dcawregefbgautorizacion-sanitaria-y-unidades-asistenciales\/\" \/>\n<meta property=\"og:site_name\" content=\"Neolife\" \/>\n<meta name=\"twitter:card\" content=\"summary_large_image\" \/>\n<script type=\"application\/ld+json\" class=\"yoast-schema-graph\">{\"@context\":\"https:\/\/schema.org\",\"@graph\":[{\"@type\":\"WebPage\",\"@id\":\"https:\/\/www.neolifesalud.com\/ca\/dcawregefbgautorizacion-sanitaria-y-unidades-asistenciales\/\",\"url\":\"https:\/\/www.neolifesalud.com\/ca\/dcawregefbgautorizacion-sanitaria-y-unidades-asistenciales\/\",\"name\":\"Neolife - Medicina preventiva antienvelliment\",\"isPartOf\":{\"@id\":\"https:\/\/www.neolifesalud.com\/ca\/#website\"},\"datePublished\":\"2026-02-06T11:19:55+00:00\",\"breadcrumb\":{\"@id\":\"https:\/\/www.neolifesalud.com\/ca\/dcawregefbgautorizacion-sanitaria-y-unidades-asistenciales\/#breadcrumb\"},\"inLanguage\":\"ca\",\"potentialAction\":[{\"@type\":\"ReadAction\",\"target\":[\"https:\/\/www.neolifesalud.com\/ca\/dcawregefbgautorizacion-sanitaria-y-unidades-asistenciales\/\"]}]},{\"@type\":\"BreadcrumbList\",\"@id\":\"https:\/\/www.neolifesalud.com\/ca\/dcawregefbgautorizacion-sanitaria-y-unidades-asistenciales\/#breadcrumb\",\"itemListElement\":[{\"@type\":\"ListItem\",\"position\":1,\"name\":\"Neolife\",\"item\":\"https:\/\/www.neolifesalud.com\/ca\/inici\/\"},{\"@type\":\"ListItem\",\"position\":2,\"name\":\"DCAWREGEFBGAutorizaci\u00f3n sanitaria y Unidades asistenciales\"}]},{\"@type\":\"WebSite\",\"@id\":\"https:\/\/www.neolifesalud.com\/ca\/#website\",\"url\":\"https:\/\/www.neolifesalud.com\/ca\/\",\"name\":\"Neolife\",\"description\":\"Medicina preventiva antiaging\",\"publisher\":{\"@id\":\"https:\/\/www.neolifesalud.com\/ca\/#organization\"},\"potentialAction\":[{\"@type\":\"SearchAction\",\"target\":{\"@type\":\"EntryPoint\",\"urlTemplate\":\"https:\/\/www.neolifesalud.com\/ca\/?s={search_term_string}\"},\"query-input\":{\"@type\":\"PropertyValueSpecification\",\"valueRequired\":true,\"valueName\":\"search_term_string\"}}],\"inLanguage\":\"ca\"},{\"@type\":\"Organization\",\"@id\":\"https:\/\/www.neolifesalud.com\/ca\/#organization\",\"name\":\"Neolife\",\"url\":\"https:\/\/www.neolifesalud.com\/ca\/\",\"logo\":{\"@type\":\"ImageObject\",\"inLanguage\":\"ca\",\"@id\":\"https:\/\/www.neolifesalud.com\/ca\/#\/schema\/logo\/image\/\",\"url\":\"https:\/\/www.neolifesalud.com\/wp-content\/uploads\/Logo_Neolife_2025-1-scaled.png\",\"contentUrl\":\"https:\/\/www.neolifesalud.com\/wp-content\/uploads\/Logo_Neolife_2025-1-scaled.png\",\"width\":2560,\"height\":855,\"caption\":\"Neolife\"},\"image\":{\"@id\":\"https:\/\/www.neolifesalud.com\/ca\/#\/schema\/logo\/image\/\"}}]}<\/script>\n<!-- \/ Yoast SEO plugin. -->","yoast_head_json":{"title":"Neolife - Medicina preventiva antienvelliment","robots":{"index":"index","follow":"follow","max-snippet":"max-snippet:-1","max-image-preview":"max-image-preview:large","max-video-preview":"max-video-preview:-1"},"canonical":"https:\/\/www.neolifesalud.com\/ca\/dcawregefbgautorizacion-sanitaria-y-unidades-asistenciales\/","og_locale":"ca_ES","og_type":"article","og_title":"Neolife - Medicina preventiva antienvelliment","og_description":"AUTORIZACIONES SANITARIAS 1. Autorizaciones sanitarias Neolife Madrid: CS17651 Neolife Marbella: NICA 55474 2. Unidades asistenciales autorizadas Neolife Madrid: U.1 &#8211; Medicina general\/de familia U.10 &#8211; Endocrinolog\u00eda U.13 &#8211; Medicina interna U.48 &#8211; Medicina est\u00e9tica U.72 &#8211; Obtenci\u00f3n de muestras U.84 &#8211; Dep\u00f3sito de medicamentos U.900 &#8211; Otras unidades asistenciales (Nutrici\u00f3n y Diet\u00e9tica) Neolife Marbella: U.1 [&hellip;]","og_url":"https:\/\/www.neolifesalud.com\/ca\/dcawregefbgautorizacion-sanitaria-y-unidades-asistenciales\/","og_site_name":"Neolife","twitter_card":"summary_large_image","schema":{"@context":"https:\/\/schema.org","@graph":[{"@type":"WebPage","@id":"https:\/\/www.neolifesalud.com\/ca\/dcawregefbgautorizacion-sanitaria-y-unidades-asistenciales\/","url":"https:\/\/www.neolifesalud.com\/ca\/dcawregefbgautorizacion-sanitaria-y-unidades-asistenciales\/","name":"Neolife - Medicina preventiva antienvelliment","isPartOf":{"@id":"https:\/\/www.neolifesalud.com\/ca\/#website"},"datePublished":"2026-02-06T11:19:55+00:00","breadcrumb":{"@id":"https:\/\/www.neolifesalud.com\/ca\/dcawregefbgautorizacion-sanitaria-y-unidades-asistenciales\/#breadcrumb"},"inLanguage":"ca","potentialAction":[{"@type":"ReadAction","target":["https:\/\/www.neolifesalud.com\/ca\/dcawregefbgautorizacion-sanitaria-y-unidades-asistenciales\/"]}]},{"@type":"BreadcrumbList","@id":"https:\/\/www.neolifesalud.com\/ca\/dcawregefbgautorizacion-sanitaria-y-unidades-asistenciales\/#breadcrumb","itemListElement":[{"@type":"ListItem","position":1,"name":"Neolife","item":"https:\/\/www.neolifesalud.com\/ca\/inici\/"},{"@type":"ListItem","position":2,"name":"DCAWREGEFBGAutorizaci\u00f3n sanitaria y Unidades asistenciales"}]},{"@type":"WebSite","@id":"https:\/\/www.neolifesalud.com\/ca\/#website","url":"https:\/\/www.neolifesalud.com\/ca\/","name":"Neolife","description":"Medicina preventiva antiaging","publisher":{"@id":"https:\/\/www.neolifesalud.com\/ca\/#organization"},"potentialAction":[{"@type":"SearchAction","target":{"@type":"EntryPoint","urlTemplate":"https:\/\/www.neolifesalud.com\/ca\/?s={search_term_string}"},"query-input":{"@type":"PropertyValueSpecification","valueRequired":true,"valueName":"search_term_string"}}],"inLanguage":"ca"},{"@type":"Organization","@id":"https:\/\/www.neolifesalud.com\/ca\/#organization","name":"Neolife","url":"https:\/\/www.neolifesalud.com\/ca\/","logo":{"@type":"ImageObject","inLanguage":"ca","@id":"https:\/\/www.neolifesalud.com\/ca\/#\/schema\/logo\/image\/","url":"https:\/\/www.neolifesalud.com\/wp-content\/uploads\/Logo_Neolife_2025-1-scaled.png","contentUrl":"https:\/\/www.neolifesalud.com\/wp-content\/uploads\/Logo_Neolife_2025-1-scaled.png","width":2560,"height":855,"caption":"Neolife"},"image":{"@id":"https:\/\/www.neolifesalud.com\/ca\/#\/schema\/logo\/image\/"}}]}},"_links":{"self":[{"href":"https:\/\/www.neolifesalud.com\/ca\/wp-json\/wp\/v2\/pages\/30181","targetHints":{"allow":["GET"]}}],"collection":[{"href":"https:\/\/www.neolifesalud.com\/ca\/wp-json\/wp\/v2\/pages"}],"about":[{"href":"https:\/\/www.neolifesalud.com\/ca\/wp-json\/wp\/v2\/types\/page"}],"author":[{"embeddable":true,"href":"https:\/\/www.neolifesalud.com\/ca\/wp-json\/wp\/v2\/users\/28"}],"replies":[{"embeddable":true,"href":"https:\/\/www.neolifesalud.com\/ca\/wp-json\/wp\/v2\/comments?post=30181"}],"version-history":[{"count":1,"href":"https:\/\/www.neolifesalud.com\/ca\/wp-json\/wp\/v2\/pages\/30181\/revisions"}],"predecessor-version":[{"id":30182,"href":"https:\/\/www.neolifesalud.com\/ca\/wp-json\/wp\/v2\/pages\/30181\/revisions\/30182"}],"wp:attachment":[{"href":"https:\/\/www.neolifesalud.com\/ca\/wp-json\/wp\/v2\/media?parent=30181"}],"curies":[{"name":"wp","href":"https:\/\/api.w.org\/{rel}","templated":true}]}}